{"id":405,"date":"2024-09-19T00:59:27","date_gmt":"2024-09-19T00:59:27","guid":{"rendered":"https:\/\/magnoglamping.com\/?page_id=405"},"modified":"2024-10-04T22:54:47","modified_gmt":"2024-10-04T22:54:47","slug":"blog","status":"publish","type":"page","link":"https:\/\/magnoglamping.com\/en\/blog\/","title":{"rendered":"Blog"},"content":{"rendered":"<div data-elementor-type=\"wp-page\" data-elementor-id=\"405\" class=\"elementor elementor-405\" data-elementor-post-type=\"page\">\n\t\t\t\t<div class=\"elementor-element elementor-element-32ba4264 e-flex e-con-boxed e-con e-parent\" data-id=\"32ba4264\" data-element_type=\"container\" data-e-type=\"container\" data-settings=\"{&quot;background_background&quot;:&quot;classic&quot;}\">\n\t\t\t\t\t<div class=\"e-con-inner\">\n\t\t\t\t<div class=\"elementor-element elementor-element-5601810d elementor-widget elementor-widget-heading\" data-id=\"5601810d\" data-element_type=\"widget\" data-e-type=\"widget\" data-widget_type=\"heading.default\">\n\t\t\t\t<div class=\"elementor-widget-container\">\n\t\t\t\t\t<div class=\"elementor-heading-title elementor-size-default\">Blog<\/div>\t\t\t\t<\/div>\n\t\t\t\t<\/div>\n\t\t\t\t<div class=\"elementor-element elementor-element-65398a07 animated-slow elementor-widget elementor-widget-elementskit-heading\" data-id=\"65398a07\" data-element_type=\"widget\" data-e-type=\"widget\" data-settings=\"{&quot;_animation&quot;:&quot;none&quot;}\" data-widget_type=\"elementskit-heading.default\">\n\t\t\t\t<div class=\"elementor-widget-container\">\n\t\t\t\t\t<div class=\"ekit-wid-con\" ><div class=\"ekit-heading elementskit-section-title-wraper text_center   ekit_heading_tablet-   ekit_heading_mobile-\"><h3 class=\"ekit-heading--title elementskit-section-title\">The latest <span><span>News<\/span><\/span> for you<\/h3><\/div><\/div>\t\t\t\t<\/div>\n\t\t\t\t<\/div>\n\t\t\t\t\t<\/div>\n\t\t\t\t<\/div>\n\t\t<div class=\"elementor-element elementor-element-38b4c733 e-flex e-con-boxed e-con e-parent\" data-id=\"38b4c733\" data-element_type=\"container\" data-e-type=\"container\">\n\t\t\t\t\t<div class=\"e-con-inner\">\n\t\t<div class=\"elementor-element elementor-element-244ec644 e-con-full e-flex e-con e-child\" data-id=\"244ec644\" data-element_type=\"container\" data-e-type=\"container\" data-settings=\"{&quot;background_background&quot;:&quot;classic&quot;}\">\n\t\t\t\t<div class=\"elementor-element elementor-element-b6d4601 elementor-widget__width-initial elementor-widget elementor-widget-heading\" data-id=\"b6d4601\" data-element_type=\"widget\" data-e-type=\"widget\" data-widget_type=\"heading.default\">\n\t\t\t\t<div class=\"elementor-widget-container\">\n\t\t\t\t\t<h3 class=\"elementor-heading-title elementor-size-default\">Tenemos descuentos en alojamiento entre el 10 y el 30%<\/h3>\t\t\t\t<\/div>\n\t\t\t\t<\/div>\n\t\t\t\t<div class=\"elementor-element elementor-element-3463cb30 elementor-widget__width-initial elementor-widget elementor-widget-text-editor\" data-id=\"3463cb30\" data-element_type=\"widget\" data-e-type=\"widget\" data-widget_type=\"text-editor.default\">\n\t\t\t\t<div class=\"elementor-widget-container\">\n\t\t\t\t\t\t\t\t\t<p>Seg\u00fan disponibilidad y paquetes especiales. Consulta y te brindaremos las mejores opciones para desarrollar tu experiencia.<\/p>\t\t\t\t\t\t\t\t<\/div>\n\t\t\t\t<\/div>\n\t\t\t\t<div class=\"elementor-element elementor-element-9e23d04 elementor-widget elementor-widget-button\" data-id=\"9e23d04\" data-element_type=\"widget\" data-e-type=\"widget\" data-widget_type=\"button.default\">\n\t\t\t\t<div class=\"elementor-widget-container\">\n\t\t\t\t\t\t\t\t\t<div class=\"elementor-button-wrapper\">\n\t\t\t\t\t<a class=\"elementor-button elementor-button-link elementor-size-sm elementor-animation-grow\" href=\"https:\/\/magnoglamping.com\/en\/paquetes-especiales\/\">\n\t\t\t\t\t\t<span class=\"elementor-button-content-wrapper\">\n\t\t\t\t\t\t\t\t\t<span class=\"elementor-button-text\">ver promociones<\/span>\n\t\t\t\t\t<\/span>\n\t\t\t\t\t<\/a>\n\t\t\t\t<\/div>\n\t\t\t\t\t\t\t\t<\/div>\n\t\t\t\t<\/div>\n\t\t\t\t<\/div>\n\t\t\t\t\t<\/div>\n\t\t\t\t<\/div>\n\t\t\t\t<\/div>","protected":false},"excerpt":{"rendered":"<p>Blog Las \u00faltimas Noticias para ti Nomadas Digitales septiembre 25, 2024 0 Leer m\u00e1s&#8230; Paquetes Especiales septiembre 25, 2024 0 Leer m\u00e1s&#8230; Paraiso oculto de Colombia septiembre 25, 2024 0 Leer m\u00e1s&#8230; Avistamiento de aves septiembre 25, 2024 0 Leer m\u00e1s&#8230; Tenemos descuentos en alojamiento entre el 10 y el 30% Seg\u00fan disponibilidad y paquetes [&hellip;]<\/p>\n","protected":false},"author":1,"featured_media":487,"parent":0,"menu_order":0,"comment_status":"closed","ping_status":"closed","template":"","meta":{"_joinchat":[],"footnotes":""},"class_list":["post-405","page","type-page","status-publish","has-post-thumbnail","hentry"],"_links":{"self":[{"href":"https:\/\/magnoglamping.com\/en\/wp-json\/wp\/v2\/pages\/405"}],"collection":[{"href":"https:\/\/magnoglamping.com\/en\/wp-json\/wp\/v2\/pages"}],"about":[{"href":"https:\/\/magnoglamping.com\/en\/wp-json\/wp\/v2\/types\/page"}],"author":[{"embeddable":true,"href":"https:\/\/magnoglamping.com\/en\/wp-json\/wp\/v2\/users\/1"}],"replies":[{"embeddable":true,"href":"https:\/\/magnoglamping.com\/en\/wp-json\/wp\/v2\/comments?post=405"}],"version-history":[{"count":131,"href":"https:\/\/magnoglamping.com\/en\/wp-json\/wp\/v2\/pages\/405\/revisions"}],"predecessor-version":[{"id":2381,"href":"https:\/\/magnoglamping.com\/en\/wp-json\/wp\/v2\/pages\/405\/revisions\/2381"}],"wp:featuredmedia":[{"embeddable":true,"href":"https:\/\/magnoglamping.com\/en\/wp-json\/wp\/v2\/media\/487"}],"wp:attachment":[{"href":"https:\/\/magnoglamping.com\/en\/wp-json\/wp\/v2\/media?parent=405"}],"curies":[{"name":"wp","href":"https:\/\/api.w.org\/{rel}","templated":true}]}}